{"id":8107,"date":"2022-07-20T14:44:49","date_gmt":"2022-07-20T14:44:49","guid":{"rendered":"https:\/\/verlag.tu-berlin.de\/produkt\/jahresbericht-2019-der-universitaetsbibliotheken-der-tu-berlin-und-udk-berlin\/"},"modified":"2022-07-20T16:45:50","modified_gmt":"2022-07-20T14:45:50","slug":"978-3-7983-3166-2","status":"publish","type":"product","link":"https:\/\/verlag.tu-berlin.de\/en\/produkt\/978-3-7983-3166-2\/","title":{"rendered":"Jahresbericht 2019 der Universit\u00e4tsbibliotheken der TU Berlin und UdK Berlin"},"content":{"rendered":"<p> In their fifth joint Annual Report, the University Libraries of the <br \/>Technische Universit\u00e4t Berlin (TU Berlin) and the Universit\u00e4t der K\u00fcnste<br \/> Berlin (UdK Berlin) look back on a successful year 2019 &#8211; a year with <br \/>many milestones, but also success stories that have developed over <br \/>several years. These include the Information Days for first-year <br \/>students, the development of the joint Corporate Design, as well as the <br \/>50th anniversary of the TU Berlin University Press, the history of the <br \/>TU Archive and a brief look at three centuries of the UdK Collection.<br \/>The staff report on current topics that have become an integral part of <br \/>the library world, including ORCID, the Affiliation Policy, the Research<br \/> Data Policy and Open Access in the Arts.<br \/>An illustrated calendar lists important events of the year 2019. The <br \/>Annual Report 2019 is rounded off by overviews of selected key figures, <br \/>information on the subject librarians and a list of publications by <br \/>library staff.<\/p>","protected":false},"excerpt":{"rendered":"<p>In their fifth joint Annual Report, the University Libraries of the <br \/>Technische Universit\u00e4t Berlin (TU Berlin) and the Universit\u00e4t der K\u00fcnste<br \/> Berlin (UdK Berlin) look back on a successful year 2019 &#8211; a year with <br \/>many milestones, but also success stories that have developed over <br \/>several years. These include the Information Days for first-year <br \/>students, the development of the joint Corporate Design, as well as the <br \/>50th anniversary of the TU Berlin University Press, the history of the <br \/>TU Archive and a brief look at three centuries of the UdK Collection.<br \/>The staff report on current topics that have become an integral part of <br \/>the library world, including ORCID, the Affiliation Policy, the Research<br \/> Data Policy and Open Access in the Arts.<br \/>An illustrated calendar lists important events of the year 2019. The <br \/>Annual Report 2019 is rounded off by overviews of selected key figures, <br \/>information on the subject librarians and a list of publications by <br \/>library staff.<\/p>\n","protected":false},"featured_media":5236,"comment_status":"open","ping_status":"closed","template":"","meta":{"_acf_changed":false},"class_list":["post-8107","product","type-product","status-publish","has-post-thumbnail","hentry","product_cat-universitaetsbibliothek","product_tag-jahresbericht-universitaetsbibliothek-annual-report-university-library","autor-andrea-zeyns","autor-juergen-christof","reihe-wissen-im-zentrum-rechenschaftsbericht-universitaetsbibliothek-technische-universitaet-berlin","edition-universitaetsverlag-tu-berlin"],"acf":[],"_links":{"self":[{"href":"https:\/\/verlag.tu-berlin.de\/en\/wp-json\/wp\/v2\/product\/8107","targetHints":{"allow":["GET"]}}],"collection":[{"href":"https:\/\/verlag.tu-berlin.de\/en\/wp-json\/wp\/v2\/product"}],"about":[{"href":"https:\/\/verlag.tu-berlin.de\/en\/wp-json\/wp\/v2\/types\/product"}],"replies":[{"embeddable":true,"href":"https:\/\/verlag.tu-berlin.de\/en\/wp-json\/wp\/v2\/comments?post=8107"}],"wp:featuredmedia":[{"embeddable":true,"href":"https:\/\/verlag.tu-berlin.de\/en\/wp-json\/wp\/v2\/media\/5236"}],"wp:attachment":[{"href":"https:\/\/verlag.tu-berlin.de\/en\/wp-json\/wp\/v2\/media?parent=8107"}],"curies":[{"name":"wp","href":"https:\/\/api.w.org\/{rel}","templated":true}]}}