{"id":7317,"date":"2024-09-24T10:28:05","date_gmt":"2024-09-24T10:28:05","guid":{"rendered":"https:\/\/verlag.tu-berlin.de\/produkt\/0\/"},"modified":"2024-09-24T12:29:06","modified_gmt":"2024-09-24T10:29:06","slug":"978-3-7983-2042-0","status":"publish","type":"product","link":"https:\/\/verlag.tu-berlin.de\/en\/produkt\/978-3-7983-2042-0\/","title":{"rendered":"Die Krise gro\u00dfst\u00e4dtischer Subzentren \u2013 Zentralit\u00e4tsverlust gewachsener Nebenzentren mit eigener st\u00e4dtischer Tradition; Gr\u00fcnde, Situationen und m\u00f6gliche Auswege am Beispiel von Frankfurt-H\u00f6chst"},"content":{"rendered":"<p class=\"qtranxs-available-languages-message qtranxs-available-languages-message-en\">Sorry, this entry is only available in <a href=\"https:\/\/verlag.tu-berlin.de\/de\/wp-json\/wp\/v2\/product\/7317\" class=\"qtranxs-available-language-link qtranxs-available-language-link-de\" title=\"Deutsch\">Deutsch<\/a>.<\/p>","protected":false},"excerpt":{"rendered":"<p class=\"qtranxs-available-languages-message qtranxs-available-languages-message-en\">Sorry, this entry is only available in <a href=\"https:\/\/verlag.tu-berlin.de\/de\/wp-json\/wp\/v2\/product\/7317\" class=\"qtranxs-available-language-link qtranxs-available-language-link-de\" title=\"Deutsch\">Deutsch<\/a>.<\/p>\n","protected":false},"featured_media":7880,"comment_status":"open","ping_status":"closed","template":"","meta":{"_acf_changed":false},"class_list":["post-7317","product","type-product","status-publish","has-post-thumbnail","hentry","product_cat-institut-fuer-stadt-und-regionalplanung","product_tag-frankfurt-raumentwicklung-regionalplanung-subzentren-zentrale-orte","autor-michael-koenig-1","reihe-isr-impulse-online-bis-bd-50-isr-graue-reihe","edition-universitaetsverlag-tu-berlin"],"acf":[],"_links":{"self":[{"href":"https:\/\/verlag.tu-berlin.de\/en\/wp-json\/wp\/v2\/product\/7317","targetHints":{"allow":["GET"]}}],"collection":[{"href":"https:\/\/verlag.tu-berlin.de\/en\/wp-json\/wp\/v2\/product"}],"about":[{"href":"https:\/\/verlag.tu-berlin.de\/en\/wp-json\/wp\/v2\/types\/product"}],"replies":[{"embeddable":true,"href":"https:\/\/verlag.tu-berlin.de\/en\/wp-json\/wp\/v2\/comments?post=7317"}],"wp:featuredmedia":[{"embeddable":true,"href":"https:\/\/verlag.tu-berlin.de\/en\/wp-json\/wp\/v2\/media\/7880"}],"wp:attachment":[{"href":"https:\/\/verlag.tu-berlin.de\/en\/wp-json\/wp\/v2\/media?parent=7317"}],"curies":[{"name":"wp","href":"https:\/\/api.w.org\/{rel}","templated":true}]}}