{"id":6464,"date":"2024-10-15T12:01:06","date_gmt":"2024-10-15T12:01:06","guid":{"rendered":"https:\/\/verlag.tu-berlin.de\/produkt\/empty-product-container-945\/"},"modified":"2024-10-15T14:02:08","modified_gmt":"2024-10-15T12:02:08","slug":"978-3-7983-2155-7","status":"publish","type":"product","link":"https:\/\/verlag.tu-berlin.de\/en\/produkt\/978-3-7983-2155-7\/","title":{"rendered":"Das Selbstverst\u00e4ndnis \u00f6ffentlich-rechtlicher Fernsehanstalten in Deutschland unter Ber\u00fccksichtigung ihres Funktionsauftrags und gesellschaftlicher Entwicklungslinien"},"content":{"rendered":"<p class=\"qtranxs-available-languages-message qtranxs-available-languages-message-en\">Sorry, this entry is only available in <a href=\"https:\/\/verlag.tu-berlin.de\/de\/wp-json\/wp\/v2\/product\/6464\" class=\"qtranxs-available-language-link qtranxs-available-language-link-de\" title=\"Deutsch\">Deutsch<\/a>.<\/p>","protected":false},"excerpt":{"rendered":"<p class=\"qtranxs-available-languages-message qtranxs-available-languages-message-en\">Sorry, this entry is only available in <a href=\"https:\/\/verlag.tu-berlin.de\/de\/wp-json\/wp\/v2\/product\/6464\" class=\"qtranxs-available-language-link qtranxs-available-language-link-de\" title=\"Deutsch\">Deutsch<\/a>.<\/p>\n","protected":false},"featured_media":601,"comment_status":"open","ping_status":"closed","template":"","meta":{"_acf_changed":false},"class_list":["post-6464","product","type-product","status-publish","has-post-thumbnail","hentry","product_cat-institut-fuer-sprache-und-kommunikation","product_tag-rundfunkanstalt-grundversorgung-selbstverstaendnis-oeffentlich-rechtlicher-rundfunk-fernsehen-programmauftrag-publikum-deutschland-hochschulschrift","autor-maximilian-fluegge","edition-universitaetsverlag-tu-berlin"],"acf":[],"_links":{"self":[{"href":"https:\/\/verlag.tu-berlin.de\/en\/wp-json\/wp\/v2\/product\/6464","targetHints":{"allow":["GET"]}}],"collection":[{"href":"https:\/\/verlag.tu-berlin.de\/en\/wp-json\/wp\/v2\/product"}],"about":[{"href":"https:\/\/verlag.tu-berlin.de\/en\/wp-json\/wp\/v2\/types\/product"}],"replies":[{"embeddable":true,"href":"https:\/\/verlag.tu-berlin.de\/en\/wp-json\/wp\/v2\/comments?post=6464"}],"wp:featuredmedia":[{"embeddable":true,"href":"https:\/\/verlag.tu-berlin.de\/en\/wp-json\/wp\/v2\/media\/601"}],"wp:attachment":[{"href":"https:\/\/verlag.tu-berlin.de\/en\/wp-json\/wp\/v2\/media?parent=6464"}],"curies":[{"name":"wp","href":"https:\/\/api.w.org\/{rel}","templated":true}]}}