{"id":5818,"date":"2020-12-02T08:33:03","date_gmt":"2020-12-02T08:33:03","guid":{"rendered":"https:\/\/verlag.tu-berlin.de\/produkt\/empty-product-container-446\/"},"modified":"2020-12-02T10:34:04","modified_gmt":"2020-12-02T09:34:04","slug":"978-3-7983-2908-9","status":"publish","type":"product","link":"https:\/\/verlag.tu-berlin.de\/en\/produkt\/978-3-7983-2908-9\/","title":{"rendered":"Open in action in Berlin-Brandenburg"},"content":{"rendered":"<p> In late summer 2016 the open access teams of the Freie Universit\u00e4t, the Humboldt-Universit\u00e4t and the Technische Universit\u00e4t Berlin started their plans for the international Open Access Week 2016. In a call for posters, open access projects from Berlin and Brandenburg were requested to present their activities in a poster exhibition. The publication documents the poster exhibition and panel discussion during the Open Access Week 2016. It contains all posters including abstracts and links to the original versions in print quality, supplemented by photos from the Wikimedia event.<\/p>","protected":false},"excerpt":{"rendered":"<p>In late summer 2016 the open access teams of the Freie Universit\u00e4t, the Humboldt-Universit\u00e4t and the Technische Universit\u00e4t Berlin started their plans for the international Open Access Week 2016. In a call for posters, open access projects from Berlin and Brandenburg were requested to present their activities in a poster exhibition. The publication documents the poster exhibition and panel discussion during the Open Access Week 2016. It contains all posters including abstracts and links to the original versions in print quality, supplemented by photos from the Wikimedia event.<\/p>\n","protected":false},"featured_media":6639,"comment_status":"open","ping_status":"closed","template":"","meta":{"_acf_changed":false},"class_list":["post-5818","product","type-product","status-publish","has-post-thumbnail","hentry","product_cat-unkategorisiert","product_tag-open-access-open-science-digital-humanities-open-access-week-forschungsdaten-poster-fu-berlin-hu-berlin-tu-berlin-wikimedia-deutschland","autor-birgit-schlegel","autor-christian-winterhalter","autor-christina-riesenweber","autor-dagmar-schobert","autor-kerstin-helbig","autor-michaela-voigt","autor-niels-fromm","edition-universitaetsverlag-tu-berlin"],"acf":[],"_links":{"self":[{"href":"https:\/\/verlag.tu-berlin.de\/en\/wp-json\/wp\/v2\/product\/5818","targetHints":{"allow":["GET"]}}],"collection":[{"href":"https:\/\/verlag.tu-berlin.de\/en\/wp-json\/wp\/v2\/product"}],"about":[{"href":"https:\/\/verlag.tu-berlin.de\/en\/wp-json\/wp\/v2\/types\/product"}],"replies":[{"embeddable":true,"href":"https:\/\/verlag.tu-berlin.de\/en\/wp-json\/wp\/v2\/comments?post=5818"}],"wp:featuredmedia":[{"embeddable":true,"href":"https:\/\/verlag.tu-berlin.de\/en\/wp-json\/wp\/v2\/media\/6639"}],"wp:attachment":[{"href":"https:\/\/verlag.tu-berlin.de\/en\/wp-json\/wp\/v2\/media?parent=5818"}],"curies":[{"name":"wp","href":"https:\/\/api.w.org\/{rel}","templated":true}]}}