{"id":5577,"date":"2021-02-05T17:15:26","date_gmt":"2021-02-05T17:15:26","guid":{"rendered":"https:\/\/verlag.tu-berlin.de\/produkt\/empty-product-container-307\/"},"modified":"2021-02-05T19:16:26","modified_gmt":"2021-02-05T18:16:26","slug":"978-3-7983-2502-9","status":"publish","type":"product","link":"https:\/\/verlag.tu-berlin.de\/en\/produkt\/978-3-7983-2502-9\/","title":{"rendered":"Kosten und externe Effekte des k\u00fcnstlichen Lichts sowie Ans\u00e4tze der \u00f6konomischen Bewertung"},"content":{"rendered":"<p class=\"qtranxs-available-languages-message qtranxs-available-languages-message-en\">Sorry, this entry is only available in <a href=\"https:\/\/verlag.tu-berlin.de\/de\/wp-json\/wp\/v2\/product\/5577\" class=\"qtranxs-available-language-link qtranxs-available-language-link-de\" title=\"Deutsch\">Deutsch<\/a>.<\/p>","protected":false},"excerpt":{"rendered":"<p class=\"qtranxs-available-languages-message qtranxs-available-languages-message-en\">Sorry, this entry is only available in <a href=\"https:\/\/verlag.tu-berlin.de\/de\/wp-json\/wp\/v2\/product\/5577\" class=\"qtranxs-available-language-link qtranxs-available-language-link-de\" title=\"Deutsch\">Deutsch<\/a>.<\/p>\n","protected":false},"featured_media":954,"comment_status":"open","ping_status":"closed","template":"","meta":{"_acf_changed":false},"class_list":["post-5577","product","type-product","status-publish","has-post-thumbnail","hentry","product_cat-fak-vi-planen-bauen-umwelt","product_cat-institut-fuer-stadt-und-regionalplanung","product_tag-lichtverschmutzung-kosten-oekonomie-light-pollution","autor-benjamin-koenecke","autor-bundesministerium-fuer-bildung-und-forschung","autor-florian-wukovitsch","autor-merle-pottharst","autor-robert-haensch","reihe-verlust-der-nacht","edition-universitaetsverlag-tu-berlin"],"acf":[],"_links":{"self":[{"href":"https:\/\/verlag.tu-berlin.de\/en\/wp-json\/wp\/v2\/product\/5577","targetHints":{"allow":["GET"]}}],"collection":[{"href":"https:\/\/verlag.tu-berlin.de\/en\/wp-json\/wp\/v2\/product"}],"about":[{"href":"https:\/\/verlag.tu-berlin.de\/en\/wp-json\/wp\/v2\/types\/product"}],"replies":[{"embeddable":true,"href":"https:\/\/verlag.tu-berlin.de\/en\/wp-json\/wp\/v2\/comments?post=5577"}],"wp:featuredmedia":[{"embeddable":true,"href":"https:\/\/verlag.tu-berlin.de\/en\/wp-json\/wp\/v2\/media\/954"}],"wp:attachment":[{"href":"https:\/\/verlag.tu-berlin.de\/en\/wp-json\/wp\/v2\/media?parent=5577"}],"curies":[{"name":"wp","href":"https:\/\/api.w.org\/{rel}","templated":true}]}}