{"id":5495,"date":"2024-09-23T10:07:08","date_gmt":"2024-09-23T10:07:08","guid":{"rendered":"https:\/\/verlag.tu-berlin.de\/produkt\/empty-product-container-227\/"},"modified":"2024-09-23T12:08:09","modified_gmt":"2024-09-23T10:08:09","slug":"978-3-7983-2644-6","status":"publish","type":"product","link":"https:\/\/verlag.tu-berlin.de\/en\/produkt\/978-3-7983-2644-6\/","title":{"rendered":"Das Ende der Behutsamkeit? Beitr\u00e4ge aus Lehre und Forschung an deutschsprachigen Hochschulen"},"content":{"rendered":"<p> The need to discuss and reflect existing paradigms of urban renewal is driven by the fact that cities are facing a plurality of different problems within very heterogeneous spatial contexts, and new challenges like the energy efficient redesign of the built environment.  The contrary situations of German cities reflect the diversity of challenges associated with urban renewal: Many cities in eastern Germany are confronted with vacancies in housing estates whereas other metropolitan regions in Germany have to deal with upgrading processes and shortages in housing. Thus, facilitating social inclusion, participation and sustainability in urban renewal within different spatial settings are major topics in this issue. Besides, the issue includes contributions on the history and practice of urban renewal in foreign countries and the role of urban renewal in research and education.  Contributors are: Uwe Altrock, Hannah Baltes, Adam Bartoszek, Fabian Beran, Matthias Bernt, Julia Drittenpreis, Martin D\u00fcchs, Susanne D\u00fcrr, Daphne Rebecca Frank, Katrin Gro\u00dfmann, Annegret Haase, Anna Juliane Heinrich, Martin H\u00f6lscher, Petra J\u00e4hnke, Sigrun Kabisch, Arvid Kr\u00fcger, Ronald Kunze, Holger Leimbrock, Michael Locher, Gerhard Mahnken, Anja B. Nelle, Elsbieta Niezabytowska, Heike Oevermann, Christian von Oppen, Hana Riemer, Sem\u00e2 Sahin, J. Alexander Schmidt, Holger Schmidt, Gisela Schmitt, Achim Schr\u00f6er, Hildegard Schr\u00f6teler-von Brandt, Dirk Schubert, Christina Simon-Philipp, Eric Tenz, Angela Uttke, Jutta Vorkoeper, Theo Winters.<\/p>","protected":false},"excerpt":{"rendered":"<p>The need to discuss and reflect existing paradigms of urban renewal is driven by the fact that cities are facing a plurality of different problems within very heterogeneous spatial contexts, and new challenges like the energy efficient redesign of the built environment.  The contrary situations of German cities reflect the diversity of challenges associated with urban renewal: Many cities in eastern Germany are confronted with vacancies in housing estates whereas other metropolitan regions in Germany have to deal with upgrading processes and shortages in housing. Thus, facilitating social inclusion, participation and sustainability in urban renewal within different spatial settings are major topics in this issue. Besides, the issue includes contributions on the history and practice of urban renewal in foreign countries and the role of urban renewal in research and education.  Contributors are: Uwe Altrock, Hannah Baltes, Adam Bartoszek, Fabian Beran, Matthias Bernt, Julia Drittenpreis, Martin D\u00fcchs, Susanne D\u00fcrr, Daphne Rebecca Frank, Katrin Gro\u00dfmann, Annegret Haase, Anna Juliane Heinrich, Martin H\u00f6lscher, Petra J\u00e4hnke, Sigrun Kabisch, Arvid Kr\u00fcger, Ronald Kunze, Holger Leimbrock, Michael Locher, Gerhard Mahnken, Anja B. Nelle, Elsbieta Niezabytowska, Heike Oevermann, Christian von Oppen, Hana Riemer, Sem\u00e2 Sahin, J. Alexander Schmidt, Holger Schmidt, Gisela Schmitt, Achim Schr\u00f6er, Hildegard Schr\u00f6teler-von Brandt, Dirk Schubert, Christina Simon-Philipp, Eric Tenz, Angela Uttke, Jutta Vorkoeper, Theo Winters.<\/p>\n","protected":false},"featured_media":1105,"comment_status":"open","ping_status":"closed","template":"","meta":{"_acf_changed":false},"class_list":["post-5495","product","type-product","status-publish","has-post-thumbnail","hentry","product_cat-institut-fuer-stadt-und-regionalplanung","product_tag-behutsame-stadterneuerung-bestandsentwicklung-planungsansatz-rahmenbedingungen-stadtsanierung-stadtumbau-planning-paradigm-urban-change-urban-redevelopment-urban-regeneration-urban-renewal","autor-arbeitskreis-stadterneuerung-an-deutschsprachigen-hochschulen","autor-dirk-schubert","autor-gisela-schmitt","autor-roland-kunze","autor-uwe-altrock","reihe-jahrbuch-stadterneuerung","edition-universitaetsverlag-tu-berlin"],"acf":[],"_links":{"self":[{"href":"https:\/\/verlag.tu-berlin.de\/en\/wp-json\/wp\/v2\/product\/5495","targetHints":{"allow":["GET"]}}],"collection":[{"href":"https:\/\/verlag.tu-berlin.de\/en\/wp-json\/wp\/v2\/product"}],"about":[{"href":"https:\/\/verlag.tu-berlin.de\/en\/wp-json\/wp\/v2\/types\/product"}],"replies":[{"embeddable":true,"href":"https:\/\/verlag.tu-berlin.de\/en\/wp-json\/wp\/v2\/comments?post=5495"}],"wp:featuredmedia":[{"embeddable":true,"href":"https:\/\/verlag.tu-berlin.de\/en\/wp-json\/wp\/v2\/media\/1105"}],"wp:attachment":[{"href":"https:\/\/verlag.tu-berlin.de\/en\/wp-json\/wp\/v2\/media?parent=5495"}],"curies":[{"name":"wp","href":"https:\/\/api.w.org\/{rel}","templated":true}]}}