{"id":5413,"date":"2021-02-02T08:06:31","date_gmt":"2021-02-02T08:06:31","guid":{"rendered":"https:\/\/verlag.tu-berlin.de\/produkt\/empty-product-container-147\/"},"modified":"2021-02-02T10:07:33","modified_gmt":"2021-02-02T09:07:33","slug":"978-3-7983-2984-3","status":"publish","type":"product","link":"https:\/\/verlag.tu-berlin.de\/en\/produkt\/978-3-7983-2984-3\/","title":{"rendered":"PUC.TUB \u2013 Jahre des Austauschs : Entwurfsarbeiten aus einem Jahrzehnt | PUC.TUB \u2013 A\u00f1os de intercambio : Dise\u00f1os de una d\u00e9cada"},"content":{"rendered":"<p> Exchange programs are a relevant part of contemporary curriculae. The publication \u201ePUC.TUB, Jahre des Austauschs, Entwurfsarbeiten aus einem Jahrzehnt \u2013 A\u00f1os de intercambio, Dise\u00f1os de una d\u00e9cada\u201c gives an insight into the collaboration between the Pontificia Universidad Cat\u00f3lica de Santiago de Chile and the Technische Universit\u00e4t Berlin in the area of the mobility of architecture students. It shows designs that were developed within the exchange and Dual Degree program.<\/p>","protected":false},"excerpt":{"rendered":"<p>Exchange programs are a relevant part of contemporary curriculae. The publication \u201ePUC.TUB, Jahre des Austauschs, Entwurfsarbeiten aus einem Jahrzehnt \u2013 A\u00f1os de intercambio, Dise\u00f1os de una d\u00e9cada\u201c gives an insight into the collaboration between the Pontificia Universidad Cat\u00f3lica de Santiago de Chile and the Technische Universit\u00e4t Berlin in the area of the mobility of architecture students. It shows designs that were developed within the exchange and Dual Degree program.<\/p>\n","protected":false},"featured_media":1431,"comment_status":"open","ping_status":"closed","template":"","meta":{"_acf_changed":false},"class_list":["post-5413","product","type-product","status-publish","has-post-thumbnail","hentry","product_cat-institut-fuer-architektur","product_tag-entwurfsarbeiten-architektur-pontificia-universidad-catolica-de-santiago-de-chile-architecture-studierendenaustausch-technische-universitaet-berlin-dual-degree-programm","autor-ralf-pasel","reihe-code-architectural-files","edition-universitaetsverlag-tu-berlin"],"acf":[],"_links":{"self":[{"href":"https:\/\/verlag.tu-berlin.de\/en\/wp-json\/wp\/v2\/product\/5413","targetHints":{"allow":["GET"]}}],"collection":[{"href":"https:\/\/verlag.tu-berlin.de\/en\/wp-json\/wp\/v2\/product"}],"about":[{"href":"https:\/\/verlag.tu-berlin.de\/en\/wp-json\/wp\/v2\/types\/product"}],"replies":[{"embeddable":true,"href":"https:\/\/verlag.tu-berlin.de\/en\/wp-json\/wp\/v2\/comments?post=5413"}],"wp:featuredmedia":[{"embeddable":true,"href":"https:\/\/verlag.tu-berlin.de\/en\/wp-json\/wp\/v2\/media\/1431"}],"wp:attachment":[{"href":"https:\/\/verlag.tu-berlin.de\/en\/wp-json\/wp\/v2\/media?parent=5413"}],"curies":[{"name":"wp","href":"https:\/\/api.w.org\/{rel}","templated":true}]}}