{"id":5390,"date":"2024-12-18T13:25:48","date_gmt":"2024-12-18T13:25:48","guid":{"rendered":"https:\/\/verlag.tu-berlin.de\/produkt\/empty-product-container-126\/"},"modified":"2024-12-18T15:26:49","modified_gmt":"2024-12-18T14:26:49","slug":"978-3-7983-3120-4","status":"publish","type":"product","link":"https:\/\/verlag.tu-berlin.de\/en\/produkt\/978-3-7983-3120-4\/","title":{"rendered":"Dresden commoning \u2013 St\u00e4dtebau f\u00fcr kollektive Stadtproduktion"},"content":{"rendered":"<p> As part of the Johannes G\u00f6deritz Competition 2019, students from six German planning faculties were invited to develop alternatives to existing plans for an important development area extending along the river Elbe in the Dresden city centre. This historic area, with the Leipziger Station, and the Neust\u00e4dter Harbour, offer an eye-catching backdrop below the bridge archs of the Marienbr\u00fccke \u2013 not far from the world-famous Canaletto view. The aim of the competition is to offer Dresdeners a wealth of future planning scenarios. Based on a variety of analyses and urban designs, the projects present ideas for different commoning spaces and suggest collective forms of living, working, learning and culture. In terms of programme and urban development, the designs are intended to contribute to the debate on urban commons and strengthen a collective perspective on urban growth.<\/p>","protected":false},"excerpt":{"rendered":"<p>As part of the Johannes G\u00f6deritz Competition 2019, students from six German planning faculties were invited to develop alternatives to existing plans for an important development area extending along the river Elbe in the Dresden city centre. This historic area, with the Leipziger Station, and the Neust\u00e4dter Harbour, offer an eye-catching backdrop below the bridge archs of the Marienbr\u00fccke \u2013 not far from the world-famous Canaletto view. The aim of the competition is to offer Dresdeners a wealth of future planning scenarios. Based on a variety of analyses and urban designs, the projects present ideas for different commoning spaces and suggest collective forms of living, working, learning and culture. In terms of programme and urban development, the designs are intended to contribute to the debate on urban commons and strengthen a collective perspective on urban growth.<\/p>\n","protected":false},"featured_media":2935,"comment_status":"open","ping_status":"closed","template":"","meta":{"_acf_changed":false},"class_list":["post-5390","product","type-product","status-publish","has-post-thumbnail","hentry","product_cat-institut-fuer-stadt-und-regionalplanung","autor-angela-million","autor-felix-bentlin","autor-zuzana-tabackova","edition-universitaetsverlag-tu-berlin"],"acf":[],"_links":{"self":[{"href":"https:\/\/verlag.tu-berlin.de\/en\/wp-json\/wp\/v2\/product\/5390","targetHints":{"allow":["GET"]}}],"collection":[{"href":"https:\/\/verlag.tu-berlin.de\/en\/wp-json\/wp\/v2\/product"}],"about":[{"href":"https:\/\/verlag.tu-berlin.de\/en\/wp-json\/wp\/v2\/types\/product"}],"replies":[{"embeddable":true,"href":"https:\/\/verlag.tu-berlin.de\/en\/wp-json\/wp\/v2\/comments?post=5390"}],"wp:featuredmedia":[{"embeddable":true,"href":"https:\/\/verlag.tu-berlin.de\/en\/wp-json\/wp\/v2\/media\/2935"}],"wp:attachment":[{"href":"https:\/\/verlag.tu-berlin.de\/en\/wp-json\/wp\/v2\/media?parent=5390"}],"curies":[{"name":"wp","href":"https:\/\/api.w.org\/{rel}","templated":true}]}}